{"id":13,"date":"2024-02-01T15:57:38","date_gmt":"2024-02-01T15:57:38","guid":{"rendered":"https:\/\/www.terracojardimbh.com.br\/?page_id=13"},"modified":"2025-12-02T15:51:15","modified_gmt":"2025-12-02T15:51:15","slug":"ventura-towers","status":"publish","type":"page","link":"https:\/\/www.terracojardimbh.com.br\/","title":{"rendered":"Ventura Towers"},"content":{"rendered":"\t\t<div data-elementor-type=\"wp-page\" data-elementor-id=\"13\" class=\"elementor elementor-13\" data-elementor-post-type=\"page\">\n\t\t\t\t<div class=\"elementor-element elementor-element-8d3091b e-con-full e-flex e-con e-parent\" data-id=\"8d3091b\" data-element_type=\"container\" data-settings=\"{&quot;background_background&quot;:&quot;classic&quot;,&quot;background_motion_fx_motion_fx_scrolling&quot;:&quot;yes&quot;,&quot;jet_parallax_layout_list&quot;:[],&quot;background_motion_fx_devices&quot;:[&quot;desktop&quot;,&quot;tablet&quot;,&quot;mobile&quot;]}\">\n\t\t\t\t<\/div>\n\t\t<div class=\"elementor-element elementor-element-bb74f53 e-flex e-con-boxed e-con e-parent\" data-id=\"bb74f53\" data-element_type=\"container\" data-settings=\"{&quot;jet_parallax_layout_list&quot;:[]}\">\n\t\t\t\t\t<div class=\"e-con-inner\">\n\t\t<div class=\"elementor-element elementor-element-d22cd5a e-con-full e-flex e-con e-child\" data-id=\"d22cd5a\" data-element_type=\"container\" data-settings=\"{&quot;jet_parallax_layout_list&quot;:[]}\">\n\t\t\t\t<div class=\"elementor-element elementor-element-0cb722e elementor-widget elementor-widget-heading\" data-id=\"0cb722e\" data-element_type=\"widget\" id=\"sobre\" data-widget_type=\"heading.default\">\n\t\t\t\t<div class=\"elementor-widget-container\">\n\t\t\t\t\t<h2 class=\"elementor-heading-title elementor-size-default\">TERRA\u00c7O JARDIM<\/h2>\t\t\t\t<\/div>\n\t\t\t\t<\/div>\n\t\t\t\t<div class=\"elementor-element elementor-element-a7ef2cc elementor-widget elementor-widget-text-editor\" data-id=\"a7ef2cc\" data-element_type=\"widget\" data-widget_type=\"text-editor.default\">\n\t\t\t\t<div class=\"elementor-widget-container\">\n\t\t\t\t\t\t\t\t\t<p><span style=\"color: var( --e-global-color-text ); text-align: var(--text-align);\">&nbsp;<\/span><\/p>\n<p><\/p>\n<p>&#8211; Aluguel de Lages Corporativas<\/p>\n<p>&#8211; Belvedere . BH \/ MG<\/p>\n<p>&#8211; Informa\u00e7\u00f5es: 31. 3287 5566<\/p>\t\t\t\t\t\t\t\t<\/div>\n\t\t\t\t<\/div>\n\t\t\t\t<\/div>\n\t\t<div class=\"elementor-element elementor-element-2f6f5a8 e-con-full e-flex e-con e-child\" data-id=\"2f6f5a8\" data-element_type=\"container\" id=\"informacoes\" data-settings=\"{&quot;jet_parallax_layout_list&quot;:[],&quot;background_background&quot;:&quot;classic&quot;,&quot;sticky&quot;:&quot;top&quot;,&quot;sticky_offset&quot;:120,&quot;sticky_parent&quot;:&quot;yes&quot;,&quot;sticky_on&quot;:[&quot;desktop&quot;],&quot;sticky_effects_offset&quot;:0}\">\n\t\t\t\t<div class=\"elementor-element elementor-element-93861ac elementor-widget elementor-widget-heading\" data-id=\"93861ac\" data-element_type=\"widget\" data-widget_type=\"heading.default\">\n\t\t\t\t<div class=\"elementor-widget-container\">\n\t\t\t\t\t<h6 class=\"elementor-heading-title elementor-size-default\">Saiba mais sobre o Terra\u00e7o Jardim.<\/h6>\t\t\t\t<\/div>\n\t\t\t\t<\/div>\n\t\t\t\t<div class=\"elementor-element elementor-element-4310448 elementor-widget__width-inherit elementor-button-align-stretch elementor-widget elementor-widget-form\" data-id=\"4310448\" data-element_type=\"widget\" data-settings=\"{&quot;step_next_label&quot;:&quot;Pr\\u00f3ximo&quot;,&quot;step_previous_label&quot;:&quot;Anterior&quot;,&quot;button_width&quot;:&quot;100&quot;,&quot;step_type&quot;:&quot;number_text&quot;,&quot;step_icon_shape&quot;:&quot;circle&quot;}\" data-widget_type=\"form.default\">\n\t\t\t\t<div class=\"elementor-widget-container\">\n\t\t\t\t\t\t\t<form class=\"elementor-form\" method=\"post\" name=\"Novo formul\u00e1rio\">\n\t\t\t<input type=\"hidden\" name=\"post_id\" value=\"13\"\/>\n\t\t\t<input type=\"hidden\" name=\"form_id\" value=\"4310448\"\/>\n\t\t\t<input type=\"hidden\" name=\"referer_title\" value=\"\" \/>\n\n\t\t\t\n\t\t\t<div class=\"elementor-form-fields-wrapper elementor-labels-above\">\n\t\t\t\t\t\t\t\t<div class=\"elementor-field-type-text elementor-field-group elementor-column elementor-field-group-name elementor-col-100 elementor-field-required\">\n\t\t\t\t\t\t\t\t\t\t\t\t\t<input size=\"1\" type=\"text\" name=\"form_fields[name]\" id=\"form-field-name\" class=\"elementor-field elementor-size-sm  elementor-field-textual\" placeholder=\"Nome\" required=\"required\" aria-required=\"true\">\n\t\t\t\t\t\t\t\t\t\t\t<\/div>\n\t\t\t\t\t\t\t\t<div class=\"elementor-field-type-email elementor-field-group elementor-column elementor-field-group-email elementor-col-100 elementor-field-required\">\n\t\t\t\t\t\t\t\t\t\t\t\t\t<input size=\"1\" type=\"email\" name=\"form_fields[email]\" id=\"form-field-email\" class=\"elementor-field elementor-size-sm  elementor-field-textual\" placeholder=\"E-mail\" required=\"required\" aria-required=\"true\">\n\t\t\t\t\t\t\t\t\t\t\t<\/div>\n\t\t\t\t\t\t\t\t<div class=\"elementor-field-type-tel elementor-field-group elementor-column elementor-field-group-fone elementor-col-100 elementor-field-required\">\n\t\t\t\t\t\t\t<input size=\"1\" type=\"tel\" name=\"form_fields[fone]\" id=\"form-field-fone\" class=\"elementor-field elementor-size-sm  elementor-field-textual\" placeholder=\"Telefone\" required=\"required\" aria-required=\"true\" pattern=\"[0-9()#&amp;+*-=.]+\" title=\"Apenas n\u00fameros e caracteres de telefone (#, -, *, etc.) s\u00e3o aceitos.\">\n\n\t\t\t\t\t\t<\/div>\n\t\t\t\t\t\t\t\t<div class=\"elementor-field-type-hidden elementor-field-group elementor-column elementor-field-group-field_f720071 elementor-col-100\">\n\t\t\t\t\t\t\t\t\t\t\t\t\t<input size=\"1\" type=\"hidden\" name=\"form_fields[field_f720071]\" id=\"form-field-field_f720071\" class=\"elementor-field elementor-size-sm  elementor-field-textual\" value=\"95\">\n\t\t\t\t\t\t\t\t\t\t\t<\/div>\n\t\t\t\t\t\t\t\t<div class=\"elementor-field-group elementor-column elementor-field-type-submit elementor-col-100 e-form__buttons\">\n\t\t\t\t\t<button type=\"submit\" class=\"elementor-button elementor-size-sm\">\n\t\t\t\t\t\t<span >\n\t\t\t\t\t\t\t\t\t\t\t\t\t\t\t<span class=\"elementor-align-icon-right elementor-button-icon\">\n\t\t\t\t\t\t\t\t\t<svg aria-hidden=\"true\" class=\"e-font-icon-svg e-fas-arrow-right\" viewBox=\"0 0 448 512\" xmlns=\"http:\/\/www.w3.org\/2000\/svg\"><path d=\"M190.5 66.9l22.2-22.2c9.4-9.4 24.6-9.4 33.9 0L441 239c9.4 9.4 9.4 24.6 0 33.9L246.6 467.3c-9.4 9.4-24.6 9.4-33.9 0l-22.2-22.2c-9.5-9.5-9.3-25 .4-34.3L311.4 296H24c-13.3 0-24-10.7-24-24v-32c0-13.3 10.7-24 24-24h287.4L190.9 101.2c-9.8-9.3-10-24.8-.4-34.3z\"><\/path><\/svg>\t\t\t\t\t\t\t\t\t\t\t\t\t\t\t\t\t<\/span>\n\t\t\t\t\t\t\t\t\t\t\t\t\t\t\t\t\t\t\t\t\t\t<span class=\"elementor-button-text\">Receber informa\u00e7\u00f5es<\/span>\n\t\t\t\t\t\t\t\t\t\t\t\t\t<\/span>\n\t\t\t\t\t<\/button>\n\t\t\t\t<\/div>\n\t\t\t<\/div>\n\t\t<\/form>\n\t\t\t\t\t\t<\/div>\n\t\t\t\t<\/div>\n\t\t\t\t<\/div>\n\t\t\t\t\t<\/div>\n\t\t\t\t<\/div>\n\t\t<div class=\"elementor-element elementor-element-ac8d4c7 e-flex e-con-boxed e-con e-parent\" data-id=\"ac8d4c7\" data-element_type=\"container\" data-settings=\"{&quot;background_background&quot;:&quot;classic&quot;,&quot;jet_parallax_layout_list&quot;:[]}\">\n\t\t\t\t\t<div class=\"e-con-inner\">\n\t\t\t\t<div class=\"elementor-element elementor-element-9841616 elementor-widget__width-inherit elementor-widget-divider--view-line elementor-widget elementor-widget-divider\" data-id=\"9841616\" data-element_type=\"widget\" data-widget_type=\"divider.default\">\n\t\t\t\t<div class=\"elementor-widget-container\">\n\t\t\t\t\t\t\t<div class=\"elementor-divider\">\n\t\t\t<span class=\"elementor-divider-separator\">\n\t\t\t\t\t\t<\/span>\n\t\t<\/div>\n\t\t\t\t\t\t<\/div>\n\t\t\t\t<\/div>\n\t\t\t\t<div class=\"elementor-element elementor-element-1b42273 elementor-widget__width-initial elementor-widget elementor-widget-image\" data-id=\"1b42273\" data-element_type=\"widget\" data-widget_type=\"image.default\">\n\t\t\t\t<div class=\"elementor-widget-container\">\n\t\t\t\t\t\t\t\t\t\t\t\t\t\t\t<img fetchpriority=\"high\" decoding=\"async\" width=\"800\" height=\"320\" src=\"https:\/\/www.terracojardimbh.com.br\/wp-content\/uploads\/2024\/04\/CON-MARCA-CONCRETO-PREFERENCIAL-1024x410.png\" class=\"attachment-large size-large wp-image-429\" alt=\"\" srcset=\"https:\/\/www.terracojardimbh.com.br\/wp-content\/uploads\/2024\/04\/CON-MARCA-CONCRETO-PREFERENCIAL-1024x410.png 1024w, https:\/\/www.terracojardimbh.com.br\/wp-content\/uploads\/2024\/04\/CON-MARCA-CONCRETO-PREFERENCIAL-300x120.png 300w, https:\/\/www.terracojardimbh.com.br\/wp-content\/uploads\/2024\/04\/CON-MARCA-CONCRETO-PREFERENCIAL-768x307.png 768w, https:\/\/www.terracojardimbh.com.br\/wp-content\/uploads\/2024\/04\/CON-MARCA-CONCRETO-PREFERENCIAL-1536x614.png 1536w, https:\/\/www.terracojardimbh.com.br\/wp-content\/uploads\/2024\/04\/CON-MARCA-CONCRETO-PREFERENCIAL-2048x819.png 2048w\" sizes=\"(max-width: 800px) 100vw, 800px\" \/>\t\t\t\t\t\t\t\t\t\t\t\t\t\t\t<\/div>\n\t\t\t\t<\/div>\n\t\t\t\t<div class=\"elementor-element elementor-element-1607fba e-grid-align-right elementor-widget__width-initial e-grid-align-mobile-center elementor-shape-rounded elementor-grid-0 elementor-widget elementor-widget-social-icons\" data-id=\"1607fba\" data-element_type=\"widget\" data-widget_type=\"social-icons.default\">\n\t\t\t\t<div class=\"elementor-widget-container\">\n\t\t\t\t\t\t\t<div class=\"elementor-social-icons-wrapper elementor-grid\" role=\"list\">\n\t\t\t\t\t\t\t<span class=\"elementor-grid-item\" role=\"listitem\">\n\t\t\t\t\t<a class=\"elementor-icon elementor-social-icon elementor-social-icon- elementor-repeater-item-30d7ada\" href=\"https:\/\/api.whatsapp.com\/send?phone=553132875566\" target=\"_blank\">\n\t\t\t\t\t\t<span class=\"elementor-screen-only\"><\/span>\n\t\t\t\t\t\t<svg xmlns=\"http:\/\/www.w3.org\/2000\/svg\" xmlns:xlink=\"http:\/\/www.w3.org\/1999\/xlink\" id=\"Capa_1\" x=\"0px\" y=\"0px\" viewBox=\"0 0 24 24\" style=\"enable-background:new 0 0 24 24;\" xml:space=\"preserve\" width=\"512\" height=\"512\"><g id=\"WA_Logo\">\t<g>\t\t<path style=\"fill-rule:evenodd;clip-rule:evenodd;\" d=\"M20.463,3.488C18.217,1.24,15.231,0.001,12.05,0    C5.495,0,0.16,5.334,0.157,11.892c-0.001,2.096,0.547,4.142,1.588,5.946L0.057,24l6.304-1.654    c1.737,0.948,3.693,1.447,5.683,1.448h0.005c6.554,0,11.89-5.335,11.893-11.893C23.944,8.724,22.708,5.735,20.463,3.488z     M12.05,21.785h-0.004c-1.774,0-3.513-0.477-5.031-1.378l-0.361-0.214l-3.741,0.981l0.999-3.648l-0.235-0.374    c-0.99-1.574-1.512-3.393-1.511-5.26c0.002-5.45,4.437-9.884,9.889-9.884c2.64,0,5.122,1.03,6.988,2.898    c1.866,1.869,2.893,4.352,2.892,6.993C21.932,17.351,17.498,21.785,12.05,21.785z M17.472,14.382    c-0.297-0.149-1.758-0.868-2.031-0.967c-0.272-0.099-0.47-0.149-0.669,0.148s-0.767,0.967-0.941,1.166    c-0.173,0.198-0.347,0.223-0.644,0.074c-0.297-0.149-1.255-0.462-2.39-1.475c-0.883-0.788-1.48-1.761-1.653-2.059    s-0.018-0.458,0.13-0.606c0.134-0.133,0.297-0.347,0.446-0.521C9.87,9.97,9.919,9.846,10.019,9.647    c0.099-0.198,0.05-0.372-0.025-0.521C9.919,8.978,9.325,7.515,9.078,6.92c-0.241-0.58-0.486-0.501-0.669-0.51    C8.236,6.401,8.038,6.4,7.839,6.4c-0.198,0-0.52,0.074-0.792,0.372c-0.272,0.298-1.04,1.017-1.04,2.479    c0,1.463,1.065,2.876,1.213,3.074c0.148,0.198,2.095,3.2,5.076,4.487c0.709,0.306,1.263,0.489,1.694,0.626    c0.712,0.226,1.36,0.194,1.872,0.118c0.571-0.085,1.758-0.719,2.006-1.413c0.248-0.694,0.248-1.29,0.173-1.413    C17.967,14.605,17.769,14.531,17.472,14.382z\"><\/path>\t<\/g><\/g><\/svg>\t\t\t\t\t<\/a>\n\t\t\t\t<\/span>\n\t\t\t\t\t\t\t<span class=\"elementor-grid-item\" role=\"listitem\">\n\t\t\t\t\t<a class=\"elementor-icon elementor-social-icon elementor-social-icon- elementor-repeater-item-a6fa525\" href=\"https:\/\/www.instagram.com\/concretoconstrutora\/\" target=\"_blank\">\n\t\t\t\t\t\t<span class=\"elementor-screen-only\"><\/span>\n\t\t\t\t\t\t<svg xmlns=\"http:\/\/www.w3.org\/2000\/svg\" xmlns:xlink=\"http:\/\/www.w3.org\/1999\/xlink\" id=\"Capa_1\" x=\"0px\" y=\"0px\" viewBox=\"0 0 24 24\" style=\"enable-background:new 0 0 24 24;\" xml:space=\"preserve\" width=\"512\" height=\"512\"><g>\t<path d=\"M12,2.162c3.204,0,3.584,0.012,4.849,0.07c1.308,0.06,2.655,0.358,3.608,1.311c0.962,0.962,1.251,2.296,1.311,3.608   c0.058,1.265,0.07,1.645,0.07,4.849c0,3.204-0.012,3.584-0.07,4.849c-0.059,1.301-0.364,2.661-1.311,3.608   c-0.962,0.962-2.295,1.251-3.608,1.311c-1.265,0.058-1.645,0.07-4.849,0.07s-3.584-0.012-4.849-0.07   c-1.291-0.059-2.669-0.371-3.608-1.311c-0.957-0.957-1.251-2.304-1.311-3.608c-0.058-1.265-0.07-1.645-0.07-4.849   c0-3.204,0.012-3.584,0.07-4.849c0.059-1.296,0.367-2.664,1.311-3.608c0.96-0.96,2.299-1.251,3.608-1.311   C8.416,2.174,8.796,2.162,12,2.162 M12,0C8.741,0,8.332,0.014,7.052,0.072C5.197,0.157,3.355,0.673,2.014,2.014   C0.668,3.36,0.157,5.198,0.072,7.052C0.014,8.332,0,8.741,0,12c0,3.259,0.014,3.668,0.072,4.948c0.085,1.853,0.603,3.7,1.942,5.038   c1.345,1.345,3.186,1.857,5.038,1.942C8.332,23.986,8.741,24,12,24c3.259,0,3.668-0.014,4.948-0.072   c1.854-0.085,3.698-0.602,5.038-1.942c1.347-1.347,1.857-3.184,1.942-5.038C23.986,15.668,24,15.259,24,12   c0-3.259-0.014-3.668-0.072-4.948c-0.085-1.855-0.602-3.698-1.942-5.038c-1.343-1.343-3.189-1.858-5.038-1.942   C15.668,0.014,15.259,0,12,0z\"><\/path>\t<path d=\"M12,5.838c-3.403,0-6.162,2.759-6.162,6.162c0,3.403,2.759,6.162,6.162,6.162s6.162-2.759,6.162-6.162   C18.162,8.597,15.403,5.838,12,5.838z M12,16c-2.209,0-4-1.791-4-4s1.791-4,4-4s4,1.791,4,4S14.209,16,12,16z\"><\/path>\t<circle cx=\"18.406\" cy=\"5.594\" r=\"1.44\"><\/circle><\/g><\/svg>\t\t\t\t\t<\/a>\n\t\t\t\t<\/span>\n\t\t\t\t\t\t\t<span class=\"elementor-grid-item\" role=\"listitem\">\n\t\t\t\t\t<a class=\"elementor-icon elementor-social-icon elementor-social-icon-facebook elementor-repeater-item-f6ae507\" href=\"https:\/\/www.facebook.com\/concretoconstrutora.mg\" target=\"_blank\">\n\t\t\t\t\t\t<span class=\"elementor-screen-only\">Facebook<\/span>\n\t\t\t\t\t\t<svg aria-hidden=\"true\" class=\"e-font-icon-svg e-fab-facebook\" viewBox=\"0 0 512 512\" xmlns=\"http:\/\/www.w3.org\/2000\/svg\"><path d=\"M504 256C504 119 393 8 256 8S8 119 8 256c0 123.78 90.69 226.38 209.25 245V327.69h-63V256h63v-54.64c0-62.15 37-96.48 93.67-96.48 27.14 0 55.52 4.84 55.52 4.84v61h-31.28c-30.8 0-40.41 19.12-40.41 38.73V256h68.78l-11 71.69h-57.78V501C413.31 482.38 504 379.78 504 256z\"><\/path><\/svg>\t\t\t\t\t<\/a>\n\t\t\t\t<\/span>\n\t\t\t\t\t<\/div>\n\t\t\t\t\t\t<\/div>\n\t\t\t\t<\/div>\n\t\t\t\t\t<\/div>\n\t\t\t\t<\/div>\n\t\t\t\t<\/div>\n\t\t","protected":false},"excerpt":{"rendered":"<p>TERRA\u00c7O JARDIM &nbsp; &#8211; Aluguel de Lages Corporativas &#8211; Belvedere . BH \/ MG &#8211; Informa\u00e7\u00f5es: 31. 3287 5566 Saiba mais sobre o Terra\u00e7o Jardim. Facebook<\/p>\n","protected":false},"author":1,"featured_media":0,"parent":0,"menu_order":0,"comment_status":"closed","ping_status":"closed","template":"elementor_canvas","meta":{"footnotes":""},"class_list":["post-13","page","type-page","status-publish","hentry"],"_links":{"self":[{"href":"https:\/\/www.terracojardimbh.com.br\/index.php?rest_route=\/wp\/v2\/pages\/13","targetHints":{"allow":["GET"]}}],"collection":[{"href":"https:\/\/www.terracojardimbh.com.br\/index.php?rest_route=\/wp\/v2\/pages"}],"about":[{"href":"https:\/\/www.terracojardimbh.com.br\/index.php?rest_route=\/wp\/v2\/types\/page"}],"author":[{"embeddable":true,"href":"https:\/\/www.terracojardimbh.com.br\/index.php?rest_route=\/wp\/v2\/users\/1"}],"replies":[{"embeddable":true,"href":"https:\/\/www.terracojardimbh.com.br\/index.php?rest_route=%2Fwp%2Fv2%2Fcomments&post=13"}],"version-history":[{"count":308,"href":"https:\/\/www.terracojardimbh.com.br\/index.php?rest_route=\/wp\/v2\/pages\/13\/revisions"}],"predecessor-version":[{"id":516,"href":"https:\/\/www.terracojardimbh.com.br\/index.php?rest_route=\/wp\/v2\/pages\/13\/revisions\/516"}],"wp:attachment":[{"href":"https:\/\/www.terracojardimbh.com.br\/index.php?rest_route=%2Fwp%2Fv2%2Fmedia&parent=13"}],"curies":[{"name":"wp","href":"https:\/\/api.w.org\/{rel}","templated":true}]}}